{"id":10908,"date":"2025-12-16T13:21:36","date_gmt":"2025-12-16T12:21:36","guid":{"rendered":"https:\/\/book.iena.ch\/?page_id=10908"},"modified":"2025-12-16T13:25:10","modified_gmt":"2025-12-16T12:25:10","slug":"programme-fidelite","status":"publish","type":"page","link":"https:\/\/book.iena.ch\/de\/programme-fidelite\/","title":{"rendered":"Programme fid\u00e9lit\u00e9"},"content":{"rendered":"<div data-elementor-type=\"wp-page\" data-elementor-id=\"10908\" class=\"elementor elementor-10908\" data-elementor-post-type=\"page\">\n\t\t\t\t<div data-particle_enable=\"false\" data-particle-mobile-disabled=\"false\" class=\"elementor-element elementor-element-9ffc719 e-flex e-con-boxed e-con e-parent\" data-id=\"9ffc719\" data-element_type=\"container\" data-e-type=\"container\">\n\t\t\t\t\t<div class=\"e-con-inner\">\n\t\t<div data-particle_enable=\"false\" data-particle-mobile-disabled=\"false\" class=\"elementor-element elementor-element-07d10fe e-con-full e-flex e-con e-child\" data-id=\"07d10fe\" data-element_type=\"container\" data-e-type=\"container\" data-settings=\"{&quot;background_background&quot;:&quot;classic&quot;}\">\n\t\t\t\t<div class=\"elementor-element elementor-element-e254912 elementor-widget elementor-widget-heading\" data-id=\"e254912\" data-element_type=\"widget\" data-e-type=\"widget\" data-widget_type=\"heading.default\">\n\t\t\t\t\t<h2 class=\"elementor-heading-title elementor-size-default\">\ud83c\udf89 Notre programme de fid\u00e9lit\u00e9 !<\/h2>\t\t\t\t<\/div>\n\t\t\t\t<div class=\"elementor-element elementor-element-29c08d9 elementor-widget elementor-widget-text-editor\" data-id=\"29c08d9\" data-element_type=\"widget\" data-e-type=\"widget\" data-widget_type=\"text-editor.default\">\n\t\t\t\t\t\t\t\t\t<p>Nutzen Sie eine einheitliche Infrastruktur <strong>10-mal<\/strong> mit Ihrem Konto <strong>Benutzer<\/strong>\u00a0und erhalten automatisch eine <strong>gleichwertiger Promotionscode!<\/strong><\/p><p>Vereinfachte Nachverfolgung und personalisierte Belohnungen, exklusiv f\u00fcr <strong>registrierte externe Nutzer<\/strong> auf der Plattform.<\/p>\t\t\t\t\t\t\t\t<\/div>\n\t\t\t\t<div class=\"elementor-element elementor-element-e0de21c elementor-widget elementor-widget-button\" data-id=\"e0de21c\" data-element_type=\"widget\" data-e-type=\"widget\" data-widget_type=\"button.default\">\n\t\t\t\t\t\t\t\t\t\t<a class=\"elementor-button elementor-button-link elementor-size-sm elementor-animation-float\" href=\"https:\/\/book.iena.ch\/de\/mon-compte\/\">\n\t\t\t\t\t\t<span class=\"elementor-button-content-wrapper\">\n\t\t\t\t\t\t<span class=\"elementor-button-icon\">\n\t\t\t\t<svg aria-hidden=\"true\" class=\"e-font-icon-svg e-far-user\" viewbox=\"0 0 448 512\" xmlns=\"http:\/\/www.w3.org\/2000\/svg\"><path d=\"M313.6 304c-28.7 0-42.5 16-89.6 16-47.1 0-60.8-16-89.6-16C60.2 304 0 364.2 0 438.4V464c0 26.5 21.5 48 48 48h352c26.5 0 48-21.5 48-48v-25.6c0-74.2-60.2-134.4-134.4-134.4zM400 464H48v-25.6c0-47.6 38.8-86.4 86.4-86.4 14.6 0 38.3 16 89.6 16 51.7 0 74.9-16 89.6-16 47.6 0 86.4 38.8 86.4 86.4V464zM224 288c79.5 0 144-64.5 144-144S303.5 0 224 0 80 64.5 80 144s64.5 144 144 144zm0-240c52.9 0 96 43.1 96 96s-43.1 96-96 96-96-43.1-96-96 43.1-96 96-96z\"><\/path><\/svg>\t\t\t<\/span>\n\t\t\t\t\t\t\t\t\t<span class=\"elementor-button-text\">Mein Konto<\/span>\n\t\t\t\t\t<\/span>\n\t\t\t\t\t<\/a>\n\t\t\t\t\t\t\t\t<\/div>\n\t\t\t\t<\/div>\n\t\t\t\t\t<\/div>\n\t\t\t\t<\/div>\n\t\t\t\t<\/div>","protected":false},"excerpt":{"rendered":"<p>\ud83c\udf89 Notre programme de fid\u00e9lit\u00e9 ! Utilisez une m\u00eame infrastructure 10 fois avec votre compte utilisateur\u00a0et recevez automatiquement un code promo de valeur \u00e9quivalente\u00a0! Suivi simplifi\u00e9 et r\u00e9compenses personnalis\u00e9es, exclusivement pour les utilisateurs externes inscrits sur la plateforme. Mon compte<\/p>","protected":false},"author":1,"featured_media":0,"parent":0,"menu_order":0,"comment_status":"closed","ping_status":"closed","template":"","meta":{"_acf_changed":false,"footnotes":""},"class_list":["post-10908","page","type-page","status-publish","hentry"],"acf":[],"_links":{"self":[{"href":"https:\/\/book.iena.ch\/de\/wp-json\/wp\/v2\/pages\/10908","targetHints":{"allow":["GET"]}}],"collection":[{"href":"https:\/\/book.iena.ch\/de\/wp-json\/wp\/v2\/pages"}],"about":[{"href":"https:\/\/book.iena.ch\/de\/wp-json\/wp\/v2\/types\/page"}],"author":[{"embeddable":true,"href":"https:\/\/book.iena.ch\/de\/wp-json\/wp\/v2\/users\/1"}],"replies":[{"embeddable":true,"href":"https:\/\/book.iena.ch\/de\/wp-json\/wp\/v2\/comments?post=10908"}],"version-history":[{"count":4,"href":"https:\/\/book.iena.ch\/de\/wp-json\/wp\/v2\/pages\/10908\/revisions"}],"predecessor-version":[{"id":10912,"href":"https:\/\/book.iena.ch\/de\/wp-json\/wp\/v2\/pages\/10908\/revisions\/10912"}],"wp:attachment":[{"href":"https:\/\/book.iena.ch\/de\/wp-json\/wp\/v2\/media?parent=10908"}],"curies":[{"name":"wp","href":"https:\/\/api.w.org\/{rel}","templated":true}]}}