{"id":11205,"date":"2026-01-12T13:56:57","date_gmt":"2026-01-12T12:56:57","guid":{"rendered":"https:\/\/book.iena.ch\/?post_type=product&#038;p=11205"},"modified":"2026-04-14T08:52:52","modified_gmt":"2026-04-14T06:52:52","slug":"parcours-mountain-trail","status":"publish","type":"product","link":"https:\/\/book.iena.ch\/de\/produit\/parcours-mountain-trail\/","title":{"rendered":"Mountain Trail"},"content":{"rendered":"<p data-start=\"166\" data-end=\"220\"><span style=\"color: #008000;\"><strong>Ouverture \u00e0 venir (avril 2026) !<\/strong><\/span><\/p>\n<p data-start=\"166\" data-end=\"220\">Parcours d\u2019entra\u00eenement obstacles \u2013 Mountain Trail<\/p>\n<p data-start=\"222\" data-end=\"391\">Id\u00e9al pour le travail \u00e0 pied, la d\u00e9sensibilisation et le d\u00e9veloppement de la confiance du cheval.<\/p>\n<p data-start=\"393\" data-end=\"455\">Le parcours comprend <strong>9 obstacles vari\u00e9s.<\/strong><\/p>\n<p data-start=\"393\" data-end=\"455\"><a href=\"https:\/\/book.iena.ch\/wp-content\/uploads\/2026\/03\/A4_10p_PresentationsObstacles_150dpi.pdf\"><strong data-start=\"578\" data-end=\"622\">Explications et notice d\u2019utilisation<\/strong><\/a>, \u00e9galement accessibles sur place via un QR code, afin de garantir une utilisation adapt\u00e9e et s\u00e9curis\u00e9e.<\/p>\n<p data-start=\"715\" data-end=\"978\">Le parcours est situ\u00e9 <strong data-start=\"737\" data-end=\"769\">\u00e0 l\u2019entr\u00e9e du site de l\u2019IENA <\/strong><a href=\"https:\/\/book.iena.ch\/wp-content\/uploads\/2026\/04\/PlanParcoursTrail_04.26.pdf\">(\u21d2 infos parking et acc\u00e8s)<\/a>, dans un environnement <strong data-start=\"793\" data-end=\"815\">calme et forestier<\/strong>, propice au travail et \u00e0 la concentration.<br data-start=\"858\" data-end=\"861\" \/>Les obstacles sont r\u00e9partis sur une <strong data-start=\"897\" data-end=\"934\">surface herbeuse d\u2019environ 4&#8217;000 m\u00b2<\/strong>, offrant un espace fonctionnel et agr\u00e9able.<\/p>\n<h6><span style=\"color: #333333;\"><img decoding=\"async\" class=\"alignnone wp-image-11468\" src=\"https:\/\/book.iena.ch\/wp-content\/uploads\/2026\/01\/Pictogrammes_DEF_gris-02.png\" alt=\"\" width=\"22\" height=\"23\" srcset=\"https:\/\/book.iena.ch\/wp-content\/uploads\/2026\/01\/Pictogrammes_DEF_gris-02.png 285w, https:\/\/book.iena.ch\/wp-content\/uploads\/2026\/01\/Pictogrammes_DEF_gris-02-150x150.png 150w, https:\/\/book.iena.ch\/wp-content\/uploads\/2026\/01\/Pictogrammes_DEF_gris-02-12x12.png 12w, https:\/\/book.iena.ch\/wp-content\/uploads\/2026\/01\/Pictogrammes_DEF_gris-02-100x100.png 100w\" sizes=\"(max-width: 22px) 100vw, 22px\" \/> Port du casque obligatoire pour le travail mont\u00e9 et conseill\u00e9 pour le travail \u00e0 pied.<\/span><\/h6>","protected":false},"excerpt":{"rendered":"<p>Ouverture \u00e0 venir (avril 2026) ! Parcours d\u2019entra\u00eenement obstacles \u2013 Mountain Trail Id\u00e9al pour le travail \u00e0 pied, la d\u00e9sensibilisation et le d\u00e9veloppement de la confiance du cheval. Le parcours comprend 9 obstacles vari\u00e9s. Explications et notice d\u2019utilisation, \u00e9galement accessibles sur place via un QR code, afin de garantir une utilisation adapt\u00e9e et s\u00e9curis\u00e9e. Le [&hellip;]<\/p>\n","protected":false},"featured_media":11206,"comment_status":"closed","ping_status":"closed","template":"","meta":{"_acf_changed":false},"product_brand":[],"product_cat":[15,25],"product_tag":[],"class_list":{"0":"post-11205","1":"product","2":"type-product","3":"status-publish","4":"has-post-thumbnail","6":"product_cat-non-classe","7":"product_cat-reservable","9":"first","10":"instock","11":"shipping-taxable","12":"purchasable","13":"product-type-appointment"},"exclude_global_add_ons":[],"addons":[],"acf":[],"_links":{"self":[{"href":"https:\/\/book.iena.ch\/de\/wp-json\/wp\/v2\/product\/11205","targetHints":{"allow":["GET"]}}],"collection":[{"href":"https:\/\/book.iena.ch\/de\/wp-json\/wp\/v2\/product"}],"about":[{"href":"https:\/\/book.iena.ch\/de\/wp-json\/wp\/v2\/types\/product"}],"replies":[{"embeddable":true,"href":"https:\/\/book.iena.ch\/de\/wp-json\/wp\/v2\/comments?post=11205"}],"wp:featuredmedia":[{"embeddable":true,"href":"https:\/\/book.iena.ch\/de\/wp-json\/wp\/v2\/media\/11206"}],"wp:attachment":[{"href":"https:\/\/book.iena.ch\/de\/wp-json\/wp\/v2\/media?parent=11205"}],"wp:term":[{"taxonomy":"product_brand","embeddable":true,"href":"https:\/\/book.iena.ch\/de\/wp-json\/wp\/v2\/product_brand?post=11205"},{"taxonomy":"product_cat","embeddable":true,"href":"https:\/\/book.iena.ch\/de\/wp-json\/wp\/v2\/product_cat?post=11205"},{"taxonomy":"product_tag","embeddable":true,"href":"https:\/\/book.iena.ch\/de\/wp-json\/wp\/v2\/product_tag?post=11205"}],"curies":[{"name":"wp","href":"https:\/\/api.w.org\/{rel}","templated":true}]}}