{"id":285,"date":"2024-01-08T15:52:09","date_gmt":"2024-01-08T14:52:09","guid":{"rendered":"https:\/\/book.iena.ch\/?post_type=product&#038;p=285"},"modified":"2026-03-31T14:12:04","modified_gmt":"2026-03-31T12:12:04","slug":"manege","status":"publish","type":"product","link":"https:\/\/book.iena.ch\/de\/produit\/manege\/","title":{"rendered":"Reithalle"},"content":{"rendered":"<p class=\"p1\">Mit einer Fl\u00e4che von \u00fcber 2600m\u00b2 (66x40m) ist es eines der gr\u00f6\u00dften Indoor-Fahrgesch\u00e4fte der Region.<\/p>\n<p class=\"p1\">Hochwertiger Fasersand.<\/p>\n<p class=\"p1\">Das ganze Jahr \u00fcber nutzbar.<\/p>\n<p><em>Hindernisse stehen zur Verf\u00fcgung - Aufbau in Eigenregie<\/em><br \/>\n<em>Longieren verboten<\/em><\/p>\n<h6><span style=\"color: #333333;\"><img decoding=\"async\" class=\"alignnone wp-image-11468\" src=\"https:\/\/book.iena.ch\/wp-content\/uploads\/2026\/01\/Pictogrammes_DEF_gris-02.png\" alt=\"\" width=\"22\" height=\"23\" srcset=\"https:\/\/book.iena.ch\/wp-content\/uploads\/2026\/01\/Pictogrammes_DEF_gris-02.png 285w, https:\/\/book.iena.ch\/wp-content\/uploads\/2026\/01\/Pictogrammes_DEF_gris-02-150x150.png 150w, https:\/\/book.iena.ch\/wp-content\/uploads\/2026\/01\/Pictogrammes_DEF_gris-02-12x12.png 12w, https:\/\/book.iena.ch\/wp-content\/uploads\/2026\/01\/Pictogrammes_DEF_gris-02-100x100.png 100w\" sizes=\"(max-width: 22px) 100vw, 22px\" \/> Helmtragepflicht<\/span><\/h6>","protected":false},"excerpt":{"rendered":"<p>D\u2019une surface de plus de 2600m\u00b2 (66x40m), il s\u2019agit d\u2019un des plus grands man\u00e8ges indoor de la r\u00e9gion. Sable fibr\u00e9 de qualit\u00e9. Utilisable toute l\u2019ann\u00e9e. Obstacles \u00e0 disposition \u2013 montage libre par les utilisateurs Longe non autoris\u00e9e Port du casque obligatoire<\/p>","protected":false},"featured_media":805,"comment_status":"open","ping_status":"closed","template":"","meta":{"_acf_changed":false},"product_brand":[],"product_cat":[15,25],"product_tag":[],"class_list":{"0":"post-285","1":"product","2":"type-product","3":"status-publish","4":"has-post-thumbnail","6":"product_cat-non-classe","7":"product_cat-reservable","9":"first","10":"instock","11":"shipping-taxable","12":"purchasable","13":"product-type-appointment"},"exclude_global_add_ons":true,"addons":[{"name":"Zeitraum","type":"multiple_choice","position":0,"required":true,"title_format":"label","default":"","description_enable":false,"description":"","placeholder_enable":false,"placeholder":"","display":"radiobutton","restrictions_type":"any_text","adjust_price":false,"price":"","price_type":"flat_fee","restrictions":false,"min":"0","max":"0","options":[{"label":"1h","price":"","price_type":"flat_fee","image":0,"visibility":true},{"label":"2h","price":"","price_type":"flat_fee","image":0,"visibility":true},{"label":"3h","price":"","price_type":"flat_fee","image":0,"visibility":true},{"label":"4h","price":"","price_type":"flat_fee","image":0,"visibility":true},{"label":"5h","price":"","price_type":"flat_fee","image":0,"visibility":true},{"label":"6h","price":"","price_type":"flat_fee","image":0,"visibility":true},{"label":"7h","price":"","price_type":"flat_fee","image":0,"visibility":true},{"label":"8h","price":"","price_type":"flat_fee","image":0,"visibility":true},{"label":"Jour complet","price":"","price_type":"flat_fee","image":0,"visibility":true}],"id":1713888339},{"name":"Notiz","type":"custom_textarea","position":1,"required":false,"title_format":"label","default":"","description_enable":false,"description":"","placeholder_enable":false,"placeholder":"","display":"select","restrictions_type":"any_text","adjust_price":false,"price":"","price_type":"flat_fee","restrictions":false,"min":"0","max":"0","options":[],"id":1713888340},{"name":"Wiederkehrende Reservation (Anzahl der Wochen)","type":"multiple_choice","position":2,"required":false,"title_format":"label","default":"","description_enable":false,"description":"","placeholder_enable":false,"placeholder":"","display":"radiobutton","restrictions_type":"any_text","adjust_price":false,"price":"","price_type":"flat_fee","restrictions":false,"min":"0","max":"0","options":[{"label":"Aucune","price":"","price_type":"flat_fee","image":0,"visibility":true},{"label":"2","price":"","price_type":"flat_fee","image":0,"visibility":true},{"label":"3","price":"","price_type":"flat_fee","image":0,"visibility":true},{"label":"4","price":"","price_type":"flat_fee","image":0,"visibility":true},{"label":"5","price":"","price_type":"flat_fee","image":0,"visibility":true}],"id":1713888341},{"name":"Nutzung der Infrastruktur","type":"checkbox","position":3,"required":false,"title_format":"label","default":"","description_enable":false,"description":"","placeholder_enable":false,"placeholder":"","display":"select","restrictions_type":"any_text","adjust_price":false,"price":"","price_type":"flat_fee","restrictions":false,"min":"0","max":"0","options":[{"label":"Saut (utilisation d\u2019obstacle)","price":"","price_type":"flat_fee","image":0,"visibility":true},{"label":"Cours (toutes disciplines)","price":"","price_type":"flat_fee","image":0,"visibility":true}],"id":1743527094},{"name":"Ich m\u00f6chte eine Durchgangsbox reservieren","type":"multiple_choice","position":4,"required":false,"title_format":"label","default":"0","description_enable":false,"description":"","placeholder_enable":false,"placeholder":"","display":"radiobutton","restrictions_type":"any_text","adjust_price":false,"price":"","price_type":"flat_fee","restrictions":false,"min":"0","max":"0","options":[{"label":"Non","price":"","price_type":"flat_fee","image":0,"visibility":true},{"label":"Oui","price":"","price_type":"flat_fee","image":0,"visibility":true}],"id":1742233801}],"acf":[],"_links":{"self":[{"href":"https:\/\/book.iena.ch\/de\/wp-json\/wp\/v2\/product\/285","targetHints":{"allow":["GET"]}}],"collection":[{"href":"https:\/\/book.iena.ch\/de\/wp-json\/wp\/v2\/product"}],"about":[{"href":"https:\/\/book.iena.ch\/de\/wp-json\/wp\/v2\/types\/product"}],"replies":[{"embeddable":true,"href":"https:\/\/book.iena.ch\/de\/wp-json\/wp\/v2\/comments?post=285"}],"wp:featuredmedia":[{"embeddable":true,"href":"https:\/\/book.iena.ch\/de\/wp-json\/wp\/v2\/media\/805"}],"wp:attachment":[{"href":"https:\/\/book.iena.ch\/de\/wp-json\/wp\/v2\/media?parent=285"}],"wp:term":[{"taxonomy":"product_brand","embeddable":true,"href":"https:\/\/book.iena.ch\/de\/wp-json\/wp\/v2\/product_brand?post=285"},{"taxonomy":"product_cat","embeddable":true,"href":"https:\/\/book.iena.ch\/de\/wp-json\/wp\/v2\/product_cat?post=285"},{"taxonomy":"product_tag","embeddable":true,"href":"https:\/\/book.iena.ch\/de\/wp-json\/wp\/v2\/product_tag?post=285"}],"curies":[{"name":"wp","href":"https:\/\/api.w.org\/{rel}","templated":true}]}}