{"id":766,"date":"2024-01-19T16:03:17","date_gmt":"2024-01-19T15:03:17","guid":{"rendered":"https:\/\/book.iena.ch\/?post_type=product&#038;p=766"},"modified":"2026-03-30T14:16:36","modified_gmt":"2026-03-30T12:16:36","slug":"militargarten-2","status":"publish","type":"product","link":"https:\/\/book.iena.ch\/de\/produit\/military-garden\/","title":{"rendered":"Military Garden"},"content":{"rendered":"<p><span style=\"color: #ff0000;\"><strong style=\"font-size: 16px;\"><span class=\"BZ_Pyq_fadeIn\">\"<\/span><span class=\"BZ_Pyq_fadeIn\">Talus\u201c (Treppenhindernis) <\/span><span class=\"BZ_Pyq_fadeIn\">des <\/span><span class=\"BZ_Pyq_fadeIn\">Military <\/span><span class=\"BZ_Pyq_fadeIn\">Garden <\/span><span class=\"BZ_Pyq_fadeIn\">ist <\/span><span class=\"BZ_Pyq_fadeIn\">bis auf <\/span><span class=\"BZ_Pyq_fadeIn\">Weiteres <\/span><span class=\"BZ_Pyq_fadeIn\">teilweise <\/span><span class=\"BZ_Pyq_fadeIn\">gesperrt<\/span><span class=\"BZ_Pyq_fadeIn\">(aus Sicherheitsgr\u00fcnden).<\/span><\/strong><\/span><\/p>\n<p class=\"p1\">75.000m\u00b2 (davon 22.000m\u00b2 aus Vliesfasersand), mit nat\u00fcrlichen Hindernissen, einem Teich und einer 1480m langen Sandbahn zum Galoppieren.<\/p>\n<p><strong><a href=\"https:\/\/book.iena.ch\/wp-content\/uploads\/2025\/08\/conditions-infra-military_2025.pdf\" target=\"_blank\" rel=\"noopener\"><span class=\"s1\">Conditions d\u2019utilisation<\/span><\/a><\/strong><\/p>\n<p>&#8212;<\/p>\n<p><em>Longieren verboten <\/em><br \/>\n<em>Abgegrenzter und f\u00fcr die Arbeit an der Hand zugelassener Bereich siehe Plan (Nr. 12): <a href=\"https:\/\/book.iena.ch\/wp-content\/uploads\/2026\/03\/plan-iena_infrastructures_DE_06.25.pdf\">Plan IENA Infrastrukturen<\/a><\/em><\/p>\n<h6><span style=\"color: #333333;\"><img decoding=\"async\" class=\"alignnone wp-image-11468\" src=\"https:\/\/book.iena.ch\/wp-content\/uploads\/2026\/01\/Pictogrammes_DEF_gris-02.png\" alt=\"\" width=\"22\" height=\"23\" srcset=\"https:\/\/book.iena.ch\/wp-content\/uploads\/2026\/01\/Pictogrammes_DEF_gris-02.png 285w, https:\/\/book.iena.ch\/wp-content\/uploads\/2026\/01\/Pictogrammes_DEF_gris-02-150x150.png 150w, https:\/\/book.iena.ch\/wp-content\/uploads\/2026\/01\/Pictogrammes_DEF_gris-02-12x12.png 12w, https:\/\/book.iena.ch\/wp-content\/uploads\/2026\/01\/Pictogrammes_DEF_gris-02-100x100.png 100w\" sizes=\"(max-width: 22px) 100vw, 22px\" \/> + <img decoding=\"async\" class=\"alignnone wp-image-11469\" src=\"https:\/\/book.iena.ch\/wp-content\/uploads\/2026\/01\/pictos-gilet-et-casque-02-300x285.png\" alt=\"\" width=\"22\" height=\"21\" srcset=\"https:\/\/book.iena.ch\/wp-content\/uploads\/2026\/01\/pictos-gilet-et-casque-02-300x300.png 300w, https:\/\/book.iena.ch\/wp-content\/uploads\/2026\/01\/pictos-gilet-et-casque-02-150x150.png 150w, https:\/\/book.iena.ch\/wp-content\/uploads\/2026\/01\/pictos-gilet-et-casque-02-768x729.png 768w, https:\/\/book.iena.ch\/wp-content\/uploads\/2026\/01\/pictos-gilet-et-casque-02-13x12.png 13w, https:\/\/book.iena.ch\/wp-content\/uploads\/2026\/01\/pictos-gilet-et-casque-02-600x569.png 600w, https:\/\/book.iena.ch\/wp-content\/uploads\/2026\/01\/pictos-gilet-et-casque-02-100x100.png 100w, https:\/\/book.iena.ch\/wp-content\/uploads\/2026\/01\/pictos-gilet-et-casque-02.png 875w\" sizes=\"(max-width: 22px) 100vw, 22px\" \/> Pflicht zum Tragen von Helm UND Schutzweste<\/span><\/h6>","protected":false},"excerpt":{"rendered":"<p>&#8220;Piano&#8221; du Military Garden partiellement ferm\u00e9 jusqu\u2019\u00e0 nouvel avis (s\u00e9curit\u00e9). 75\u2019000m\u00b2 (dont 22\u2019000m\u00b2 en sable fibr\u00e9), 30 obstacles naturels, un passage d\u2019eau, une piste de sable de 1640m pour galoper. Conditions d\u2019utilisation &#8212; Longe non autoris\u00e9e Zone d\u00e9limit\u00e9e et autoris\u00e9e pour le travail \u00e0 la main voir plan (n\u00b012) : Plan IENA Infrastructures + Port [&hellip;]<\/p>\n","protected":false},"featured_media":806,"comment_status":"open","ping_status":"closed","template":"","meta":{"_acf_changed":false},"product_brand":[],"product_cat":[15,25],"product_tag":[],"class_list":{"0":"post-766","1":"product","2":"type-product","3":"status-publish","4":"has-post-thumbnail","6":"product_cat-non-classe","7":"product_cat-reservable","9":"first","10":"instock","11":"shipping-taxable","12":"purchasable","13":"product-type-appointment"},"exclude_global_add_ons":false,"addons":[{"name":"Zeitraum","type":"multiple_choice","position":0,"required":true,"title_format":"label","default":"","description_enable":false,"description":"","placeholder_enable":false,"placeholder":"","display":"radiobutton","restrictions_type":"any_text","adjust_price":false,"price":"","price_type":"flat_fee","restrictions":false,"min":"0","max":"0","options":[{"label":"1h","price":"","price_type":"flat_fee","image":0,"visibility":true},{"label":"2h","price":"","price_type":"flat_fee","image":0,"visibility":true},{"label":"3h","price":"","price_type":"flat_fee","image":0,"visibility":true},{"label":"4h","price":"","price_type":"flat_fee","image":0,"visibility":true},{"label":"5h","price":"","price_type":"flat_fee","image":0,"visibility":true},{"label":"6h","price":"","price_type":"flat_fee","image":0,"visibility":true},{"label":"7h","price":"","price_type":"flat_fee","image":0,"visibility":true},{"label":"8h","price":"","price_type":"flat_fee","image":0,"visibility":true},{"label":"Jour complet","price":"","price_type":"flat_fee","image":0,"visibility":true}],"id":1713888365},{"name":"Notiz","type":"custom_textarea","position":1,"required":false,"title_format":"label","default":"","description_enable":false,"description":"","placeholder_enable":false,"placeholder":"","display":"select","restrictions_type":"any_text","adjust_price":false,"price":"","price_type":"flat_fee","restrictions":false,"min":"0","max":"0","options":[],"id":1713888366},{"name":"Wiederkehrende Reservation (Anzahl der Wochen)","type":"multiple_choice","position":2,"required":false,"title_format":"label","default":"","description_enable":false,"description":"","placeholder_enable":false,"placeholder":"","display":"radiobutton","restrictions_type":"any_text","adjust_price":false,"price":"","price_type":"flat_fee","restrictions":false,"min":"0","max":"0","options":[{"label":"Aucune","price":"","price_type":"flat_fee","image":0,"visibility":true},{"label":"2","price":"","price_type":"flat_fee","image":0,"visibility":true},{"label":"3","price":"","price_type":"flat_fee","image":0,"visibility":true},{"label":"4","price":"","price_type":"flat_fee","image":0,"visibility":true},{"label":"5","price":"","price_type":"flat_fee","image":0,"visibility":true}],"id":1713888367},{"name":"Ich m\u00f6chte eine Durchgangsbox reservieren","type":"multiple_choice","position":3,"required":false,"title_format":"label","default":"0","description_enable":false,"description":"","placeholder_enable":false,"placeholder":"","display":"radiobutton","restrictions_type":"any_text","adjust_price":false,"price":"","price_type":"flat_fee","restrictions":false,"min":"0","max":"0","options":[{"label":"Non","price":"","price_type":"flat_fee","image":0,"visibility":true},{"label":"Oui","price":"","price_type":"flat_fee","image":0,"visibility":true}],"id":1742233762},{"name":"Utilisation de l'infrastructure","type":"multiple_choice","position":0,"required":true,"title_format":"label","default":"2","description_enable":false,"description":"","placeholder_enable":false,"placeholder":"","display":"radiobutton","restrictions_type":"any_text","adjust_price":false,"price":"","price_type":"flat_fee","restrictions":false,"min":"0","max":"0","options":[{"label":"Saut (utilisation d'obstacle)","price":"","price_type":"flat_fee","image":0,"visibility":true},{"label":"Cours (toutes disciplines)","price":"","price_type":"flat_fee","image":0,"visibility":true},{"label":"Autre","price":"","price_type":"flat_fee","image":0,"visibility":true}],"id":1742234269}],"acf":[],"_links":{"self":[{"href":"https:\/\/book.iena.ch\/de\/wp-json\/wp\/v2\/product\/766","targetHints":{"allow":["GET"]}}],"collection":[{"href":"https:\/\/book.iena.ch\/de\/wp-json\/wp\/v2\/product"}],"about":[{"href":"https:\/\/book.iena.ch\/de\/wp-json\/wp\/v2\/types\/product"}],"replies":[{"embeddable":true,"href":"https:\/\/book.iena.ch\/de\/wp-json\/wp\/v2\/comments?post=766"}],"wp:featuredmedia":[{"embeddable":true,"href":"https:\/\/book.iena.ch\/de\/wp-json\/wp\/v2\/media\/806"}],"wp:attachment":[{"href":"https:\/\/book.iena.ch\/de\/wp-json\/wp\/v2\/media?parent=766"}],"wp:term":[{"taxonomy":"product_brand","embeddable":true,"href":"https:\/\/book.iena.ch\/de\/wp-json\/wp\/v2\/product_brand?post=766"},{"taxonomy":"product_cat","embeddable":true,"href":"https:\/\/book.iena.ch\/de\/wp-json\/wp\/v2\/product_cat?post=766"},{"taxonomy":"product_tag","embeddable":true,"href":"https:\/\/book.iena.ch\/de\/wp-json\/wp\/v2\/product_tag?post=766"}],"curies":[{"name":"wp","href":"https:\/\/api.w.org\/{rel}","templated":true}]}}