{"id":772,"date":"2024-01-19T16:14:09","date_gmt":"2024-01-19T15:14:09","guid":{"rendered":"https:\/\/book.iena.ch\/?post_type=product&#038;p=772"},"modified":"2026-03-30T14:14:09","modified_gmt":"2026-03-30T12:14:09","slug":"gartendressurfliese","status":"publish","type":"product","link":"https:\/\/book.iena.ch\/de\/produit\/carre-de-dressage-du-jardin\/","title":{"rendered":"Carr\u00e9 de dressage du Jardin"},"content":{"rendered":"<p class=\"p1\">Viereck \"Jardin\" von 30x80m<\/p>\n<p class=\"p1\">Douze lat\u00e9rales divisent le carr\u00e9 de 20x60m et peuvent \u00eatre ajout\u00e9es sur celui de 30x80m.<\/p>\n<p class=\"p1\">Le grand carr\u00e9 est modulable et des barri\u00e8res de concours peuvent \u00eatre install\u00e9es.<\/p>\n<p>&#8212;<\/p>\n<p><em>Longieren verboten<\/em><\/p>\n<h6><span style=\"color: #333333;\"><img decoding=\"async\" class=\"alignnone wp-image-11468\" src=\"https:\/\/book.iena.ch\/wp-content\/uploads\/2026\/01\/Pictogrammes_DEF_gris-02.png\" alt=\"\" width=\"22\" height=\"23\" srcset=\"https:\/\/book.iena.ch\/wp-content\/uploads\/2026\/01\/Pictogrammes_DEF_gris-02.png 285w, https:\/\/book.iena.ch\/wp-content\/uploads\/2026\/01\/Pictogrammes_DEF_gris-02-150x150.png 150w, https:\/\/book.iena.ch\/wp-content\/uploads\/2026\/01\/Pictogrammes_DEF_gris-02-12x12.png 12w, https:\/\/book.iena.ch\/wp-content\/uploads\/2026\/01\/Pictogrammes_DEF_gris-02-100x100.png 100w\" sizes=\"(max-width: 22px) 100vw, 22px\" \/> Helmtragepflicht<\/span><\/h6>\n<p><span style=\"color: #333399;\"><strong>Arrosage automatique<\/strong> (du lundi au dimanche) :\u00a0 <\/span><span style=\"color: #333399;\">05h \/ <\/span><span style=\"color: #333399;\">12h \/ <\/span><span style=\"color: #333399;\">16h<\/span><\/p>","protected":false},"excerpt":{"rendered":"<p>Carr\u00e9 \u00abJardin\u00bb de 30x80m Douze lat\u00e9rales divisent le carr\u00e9 de 20x60m et peuvent \u00eatre ajout\u00e9es sur celui de 30x80m. Le grand carr\u00e9 est modulable et des barri\u00e8res de concours peuvent \u00eatre install\u00e9es. &#8212; Longe non autoris\u00e9e Port du casque obligatoire Arrosage automatique (du lundi au dimanche) :\u00a0 05h \/ 12h \/ 16h<\/p>","protected":false},"featured_media":802,"comment_status":"open","ping_status":"closed","template":"","meta":{"_acf_changed":false},"product_brand":[],"product_cat":[15,25],"product_tag":[],"class_list":{"0":"post-772","1":"product","2":"type-product","3":"status-publish","4":"has-post-thumbnail","6":"product_cat-non-classe","7":"product_cat-reservable","9":"first","10":"instock","11":"shipping-taxable","12":"purchasable","13":"product-type-appointment"},"exclude_global_add_ons":false,"addons":[{"name":"Zeitraum","type":"multiple_choice","position":0,"required":true,"title_format":"label","default":"","description_enable":false,"description":"","placeholder_enable":false,"placeholder":"","display":"radiobutton","restrictions_type":"any_text","adjust_price":false,"price":"","price_type":"flat_fee","restrictions":false,"min":"0","max":"0","options":[{"label":"1h","price":"","price_type":"flat_fee","image":0,"visibility":true},{"label":"2h","price":"","price_type":"flat_fee","image":0,"visibility":true},{"label":"3h","price":"","price_type":"flat_fee","image":0,"visibility":true},{"label":"4h","price":"","price_type":"flat_fee","image":0,"visibility":true},{"label":"5h","price":"","price_type":"flat_fee","image":0,"visibility":true},{"label":"6h","price":"","price_type":"flat_fee","image":0,"visibility":true},{"label":"7h","price":"","price_type":"flat_fee","image":0,"visibility":true},{"label":"8h","price":"","price_type":"flat_fee","image":0,"visibility":true},{"label":"Jour complet","price":"","price_type":"flat_fee","image":0,"visibility":true}],"id":1713888284},{"name":"Notiz","type":"custom_textarea","position":1,"required":false,"title_format":"label","default":"","description_enable":false,"description":"","placeholder_enable":false,"placeholder":"","display":"select","restrictions_type":"any_text","adjust_price":false,"price":"","price_type":"flat_fee","restrictions":false,"min":"0","max":"0","options":[],"id":1713888285},{"name":"Wiederkehrende Reservation (Anzahl der Wochen)","type":"multiple_choice","position":2,"required":false,"title_format":"label","default":"","description_enable":false,"description":"","placeholder_enable":false,"placeholder":"","display":"radiobutton","restrictions_type":"any_text","adjust_price":false,"price":"","price_type":"flat_fee","restrictions":false,"min":"0","max":"0","options":[{"label":"Aucune","price":"","price_type":"flat_fee","image":0,"visibility":true},{"label":"2","price":"","price_type":"flat_fee","image":0,"visibility":true},{"label":"3","price":"","price_type":"flat_fee","image":0,"visibility":true},{"label":"4","price":"","price_type":"flat_fee","image":0,"visibility":true},{"label":"5","price":"","price_type":"flat_fee","image":0,"visibility":true}],"id":1713888286},{"name":"Utilisation de l'infrastructure","type":"checkbox","position":3,"required":false,"title_format":"label","default":"","description_enable":false,"description":"","placeholder_enable":false,"placeholder":"","display":"select","restrictions_type":"any_text","adjust_price":false,"price":"","price_type":"flat_fee","restrictions":false,"min":"0","max":"0","options":[{"label":"Cours (toutes disciplines)","price":"","price_type":"flat_fee","image":0,"visibility":true}],"id":1743526638},{"name":"Ich m\u00f6chte eine Durchgangsbox reservieren","type":"multiple_choice","position":4,"required":false,"title_format":"label","default":"0","description_enable":false,"description":"","placeholder_enable":false,"placeholder":"","display":"radiobutton","restrictions_type":"any_text","adjust_price":false,"price":"","price_type":"flat_fee","restrictions":false,"min":"0","max":"0","options":[{"label":"Non","price":"","price_type":"flat_fee","image":0,"visibility":true},{"label":"Oui","price":"","price_type":"flat_fee","image":0,"visibility":true}],"id":1742233557},{"name":"Utilisation de l'infrastructure","type":"multiple_choice","position":0,"required":true,"title_format":"label","default":"2","description_enable":false,"description":"","placeholder_enable":false,"placeholder":"","display":"radiobutton","restrictions_type":"any_text","adjust_price":false,"price":"","price_type":"flat_fee","restrictions":false,"min":"0","max":"0","options":[{"label":"Saut (utilisation d'obstacle)","price":"","price_type":"flat_fee","image":0,"visibility":true},{"label":"Cours (toutes disciplines)","price":"","price_type":"flat_fee","image":0,"visibility":true},{"label":"Autre","price":"","price_type":"flat_fee","image":0,"visibility":true}],"id":1742234269}],"acf":[],"_links":{"self":[{"href":"https:\/\/book.iena.ch\/de\/wp-json\/wp\/v2\/product\/772","targetHints":{"allow":["GET"]}}],"collection":[{"href":"https:\/\/book.iena.ch\/de\/wp-json\/wp\/v2\/product"}],"about":[{"href":"https:\/\/book.iena.ch\/de\/wp-json\/wp\/v2\/types\/product"}],"replies":[{"embeddable":true,"href":"https:\/\/book.iena.ch\/de\/wp-json\/wp\/v2\/comments?post=772"}],"wp:featuredmedia":[{"embeddable":true,"href":"https:\/\/book.iena.ch\/de\/wp-json\/wp\/v2\/media\/802"}],"wp:attachment":[{"href":"https:\/\/book.iena.ch\/de\/wp-json\/wp\/v2\/media?parent=772"}],"wp:term":[{"taxonomy":"product_brand","embeddable":true,"href":"https:\/\/book.iena.ch\/de\/wp-json\/wp\/v2\/product_brand?post=772"},{"taxonomy":"product_cat","embeddable":true,"href":"https:\/\/book.iena.ch\/de\/wp-json\/wp\/v2\/product_cat?post=772"},{"taxonomy":"product_tag","embeddable":true,"href":"https:\/\/book.iena.ch\/de\/wp-json\/wp\/v2\/product_tag?post=772"}],"curies":[{"name":"wp","href":"https:\/\/api.w.org\/{rel}","templated":true}]}}