{"id":3489,"date":"2024-11-22T16:33:50","date_gmt":"2024-11-22T15:33:50","guid":{"rendered":"https:\/\/book.iena.ch\/?page_id=3489"},"modified":"2025-01-07T11:27:40","modified_gmt":"2025-01-07T10:27:40","slug":"cgv","status":"publish","type":"page","link":"https:\/\/book.iena.ch\/fr\/cgv\/","title":{"rendered":"CGV"},"content":{"rendered":"\t\t<div data-elementor-type=\"wp-page\" data-elementor-id=\"3489\" class=\"elementor elementor-3489\" data-elementor-post-type=\"page\">\n\t\t\t\t<div data-particle_enable=\"false\" data-particle-mobile-disabled=\"false\" class=\"elementor-element elementor-element-5dd1bd96 e-flex e-con-boxed e-con e-parent\" data-id=\"5dd1bd96\" data-element_type=\"container\" data-e-type=\"container\">\n\t\t\t\t\t<div class=\"e-con-inner\">\n\t\t\t\t<div class=\"elementor-element elementor-element-687a9b4 elementor-widget elementor-widget-heading\" data-id=\"687a9b4\" data-element_type=\"widget\" data-e-type=\"widget\" data-widget_type=\"heading.default\">\n\t\t\t\t\t<h1 class=\"elementor-heading-title elementor-size-default\">CGV<\/h1>\t\t\t\t<\/div>\n\t\t\t\t<div class=\"elementor-element elementor-element-e1fb65c elementor-widget elementor-widget-heading\" data-id=\"e1fb65c\" data-element_type=\"widget\" data-e-type=\"widget\" data-widget_type=\"heading.default\">\n\t\t\t\t\t<h2 class=\"elementor-heading-title elementor-size-default\">Conditions g\u00e9n\u00e9rales de vente IENA Gestion et Services S\u00e0rl<\/h2>\t\t\t\t<\/div>\n\t\t\t\t<div class=\"elementor-element elementor-element-846cf5b elementor-widget elementor-widget-text-editor\" data-id=\"846cf5b\" data-element_type=\"widget\" data-e-type=\"widget\" data-widget_type=\"text-editor.default\">\n\t\t\t\t\t\t\t\t\t<h1><strong>1\u202fChamp d\u2019application <\/strong><\/h1><p>1.1 Les pr\u00e9sentes conditions g\u00e9n\u00e9rales de ventes s\u2019appliquent \u00e0 toutes les commandes pass\u00e9es sur le site de r\u00e9servations en ligne \u00ab\u00a0book.iena.ch\u00a0\u00bb.<\/p><p>1.2 En passant commande aupr\u00e8s de IENA Gestion et Services S\u00e0rl, vous reconnaissez avoir pris connaissance et accept\u00e9 l\u2019application des pr\u00e9sentes conditions g\u00e9n\u00e9rales. La validation de votre commande vaut acceptation sans r\u00e9serve des pr\u00e9sentes conditions g\u00e9n\u00e9rales de vente.<\/p><h1><strong>2 Commande et conclusion du contrat <\/strong><\/h1><p>2.1 En passant commande aupr\u00e8s de IENA Gestion et Services S\u00e0rl, l\u2019acheteur d\u00e9clare jouir de l\u2019exercice des droits civils. Les personnes mineures ou sous curatelle (tutelle) doivent, pr\u00e9alablement \u00e0 tout achat, fournir une autorisation \u00e9crite de leur repr\u00e9sentant l\u00e9gal ou curateur (tuteur) avant de pouvoir passer commande.<\/p><p>2.2 L\u2019infrastructure sportive ainsi que le prix de nos services sont indiqu\u00e9s sur les pages contenant la description d\u00e9taill\u00e9e des produits de la boutique en ligne. Lorsque vous cliquez sur le bouton \u00ab confirmer la commande \u00bb, celle-ci devient alors d\u00e9finitive et un contrat de vente est conclu. Vous recevrez de notre part une confirmation de commande par courriel.<\/p><p>2.3 IENA Gestion et Services demeure libre de supprimer ou de modifier l\u2019offre de services propos\u00e9s, \u00e0 sa seule discr\u00e9tion et en tout temps.<\/p><p>2.4 Les r\u00e9servations sur le site IENA Gestion et Services S\u00e0rl sont exclusivement r\u00e9serv\u00e9s aux clients qui se sont correctement inscrits et ont fourni des informations exactes.<\/p><p>2.5 L\u2019utilisateur peut effectuer ou modifier sa r\u00e9servation jusqu\u2019\u00e0 2 heures avant l\u2019heure de r\u00e9servation.<\/p><p>2.6 La r\u00e9servation de l\u2019infrastructure sportive est valid\u00e9e uniquement apr\u00e8s le paiement de la prestation.<\/p><h1><strong>3 Prix <\/strong><\/h1><p>3.1 Les prix de vente sont indiqu\u00e9s en Franc suisse (CHF), sont TTC.<\/p><p>3.2 IENA Gestion et Services S\u00e0rl est autoris\u00e9 \u00e0 modifier, \u00e0 sa seule discr\u00e9tion et en tout temps, le prix des marchandises propos\u00e9es.<\/p><h1><strong>4 Disponibilit\u00e9 des articles <\/strong><\/h1><p>4.1 Malgr\u00e9 toutes les pr\u00e9cautions que IENA Gestion et Services S\u00e0rl prend pour disposer des informations quant \u00e0 la disponibilit\u00e9 des infrastructures propos\u00e9es, il peut arriver qu\u2019une ou plusieurs d\u2019entre elles, r\u00e9put\u00e9e(s) disponible(s) au moment de la commande se trouve(nt) finalement compl\u00e8te(s). Dans le cas d\u2019une indisponibilit\u00e9 d\u2019une ou de plusieurs infrastructures qui constituent la commande, IENA Gestion et Services S\u00e0rl se verra, de fait, dans l\u2019obligation de proc\u00e9der \u00e0 l\u2019annulation partielle ou totale de cette derni\u00e8re.<\/p><h1><strong>5 Modalit\u00e9s d\u2019annulation<\/strong><\/h1><p>5.1 IENA Gestion et Services se r\u00e9serve le droit d\u2019annuler une r\u00e9servation en tout temps. En cas d\u2019annulation, le paiement de la r\u00e9servation est automatiquement rembours\u00e9.<\/p><p>5.2 L\u2019utilisateur peut annuler sa r\u00e9servation jusqu\u2019\u00e0 48 heures apr\u00e8s l\u2019heure de r\u00e9servation en cas de force majeure. En cas d\u2019annulation par l\u2019utilisateur, le paiement de la r\u00e9servation est automatiquement rembours\u00e9. IENA Gestion et Services se r\u00e9serve cependant le droit de facturer une partie de la r\u00e9servation.<\/p><h1><strong>6 Paiement <\/strong><\/h1><p>6.1 Nous acceptons les modes de paiement suivants : Twint et carte de cr\u00e9dit. Tous frais li\u00e9s \u00e0 votre paiement sont \u00e0 votre charge.<\/p><h1><strong>7 Bons d\u2019utilisation <\/strong><\/h1><p>7.1 Les bons d\u2019utilisations sont valables seulement pendant la p\u00e9riode indiqu\u00e9e et sont utilisables une seule fois pour une seule r\u00e9servation. Certaines r\u00e9servations peuvent \u00eatre exclues du b\u00e9n\u00e9fice des coupons de r\u00e9servation.<\/p><h1><strong>8 Remboursement <\/strong><\/h1><p>8.1 Un remboursement \u00e9ventuel de notre part se fera sur le compte que vous avez utilis\u00e9 pour effectuer le paiement. En cas de paiement par bon d\u2019utilisation, nous vous transmettrons un nouveau bon d\u2019utilisation.<\/p><h1><strong>9 Protection des donn\u00e9es personnelles <\/strong><\/h1><p>9.1 IENA Gestion et Services S\u00e0rl assure que les donn\u00e9es de ses clients sont trait\u00e9es conform\u00e9ment \u00e0 la l\u00e9gislation en vigueur.<\/p><p>9.2 Les donn\u00e9es enregistr\u00e9es par IENA Gestion et Services S\u00e0rl servent notamment \u00e0 l\u2019enregistrement et au traitement des commandes, \u00e0 l\u2019administration de comptes personnels des clients, \u00e0 la r\u00e9alisation d\u2019\u00e9tudes de marketing et \u00e0 l\u2019\u00e9laboration de statistiques. Le but du traitement des donn\u00e9es est l\u2019am\u00e9lioration, le contr\u00f4le de la qualit\u00e9 des services ainsi que les \u00e9tudes de march\u00e9.<\/p><p>9.3 L\u2019Acheteur peut, en tout temps, limiter ou interdire l\u2019utilisation ou la communication de ses donn\u00e9es \u00e0 des fins de marketing et de publicit\u00e9.<\/p><h1><strong>10 For juridique et droit applicable <\/strong><\/h1><p>10.1 Le lieu d\u2019ex\u00e9cution et le for juridique en cas de conflits sont au lieu de l\u2019entreprise<\/p><p>10.2 Le droit mat\u00e9riel suisse est applicable.<\/p><h1><strong>11. Conditions d\u2019utilisation <\/strong><\/h1><p>11.1 L\u2019utilisateur confirme avoir pris connaissance des r\u00e8gles en vigueur selon les r\u00e8gles d\u00e9taill\u00e9es sur le lien ci-dessous<\/p><p>\u00ab\u00a0Conditions d\u2019utilisation\u00a0\u00bb<\/p><p>\u00ab\u00a0Pistes\u00a0\u00bb<\/p><p>\u00ab\u00a0Arrosage\u00a0\u00bb<\/p><h2>Mentions L\u00e9gales<\/h2><p>Adresse:<\/p><p>IENA Gestion et Services S\u00e0rl<\/p><p>Les Longs Pr\u00e9s 1a<\/p><p>1580 Avenches<br \/>T\u00e9l\u00e9phone: 026\u00a0676 76 76<br \/>Email: <a href=\"mailto:info@iena.ch\">info@iena.ch<\/a><br \/>Num\u00e9ro TVA:\u202fCHE-103.530.045 TVA<br \/>Num\u00e9ro de Registre de Commerce: CH-550.0.171.612-6<\/p><h1>\u00a0<\/h1>\t\t\t\t\t\t\t\t<\/div>\n\t\t\t\t\t<\/div>\n\t\t\t\t<\/div>\n\t\t\t\t<\/div>\n\t\t","protected":false},"excerpt":{"rendered":"<p>CGV Conditions g\u00e9n\u00e9rales de vente IENA Gestion et Services S\u00e0rl 1\u202fChamp d\u2019application 1.1 Les pr\u00e9sentes conditions g\u00e9n\u00e9rales de ventes s\u2019appliquent \u00e0 toutes les commandes pass\u00e9es sur le site de r\u00e9servations en ligne \u00ab\u00a0book.iena.ch\u00a0\u00bb. 1.2 En passant commande aupr\u00e8s de IENA Gestion et Services S\u00e0rl, vous reconnaissez avoir pris connaissance et accept\u00e9 l\u2019application des pr\u00e9sentes conditions [&hellip;]<\/p>\n","protected":false},"author":1,"featured_media":0,"parent":0,"menu_order":0,"comment_status":"closed","ping_status":"closed","template":"","meta":{"_acf_changed":false,"footnotes":""},"class_list":["post-3489","page","type-page","status-publish","hentry"],"acf":[],"_links":{"self":[{"href":"https:\/\/book.iena.ch\/fr\/wp-json\/wp\/v2\/pages\/3489","targetHints":{"allow":["GET"]}}],"collection":[{"href":"https:\/\/book.iena.ch\/fr\/wp-json\/wp\/v2\/pages"}],"about":[{"href":"https:\/\/book.iena.ch\/fr\/wp-json\/wp\/v2\/types\/page"}],"author":[{"embeddable":true,"href":"https:\/\/book.iena.ch\/fr\/wp-json\/wp\/v2\/users\/1"}],"replies":[{"embeddable":true,"href":"https:\/\/book.iena.ch\/fr\/wp-json\/wp\/v2\/comments?post=3489"}],"version-history":[{"count":4,"href":"https:\/\/book.iena.ch\/fr\/wp-json\/wp\/v2\/pages\/3489\/revisions"}],"predecessor-version":[{"id":3843,"href":"https:\/\/book.iena.ch\/fr\/wp-json\/wp\/v2\/pages\/3489\/revisions\/3843"}],"wp:attachment":[{"href":"https:\/\/book.iena.ch\/fr\/wp-json\/wp\/v2\/media?parent=3489"}],"curies":[{"name":"wp","href":"https:\/\/api.w.org\/{rel}","templated":true}]}}