{"id":3836,"date":"2025-01-07T11:23:16","date_gmt":"2025-01-07T10:23:16","guid":{"rendered":"https:\/\/book.iena.ch\/?page_id=3836"},"modified":"2025-01-09T13:33:55","modified_gmt":"2025-01-09T12:33:55","slug":"impressum","status":"publish","type":"page","link":"https:\/\/book.iena.ch\/fr\/impressum\/","title":{"rendered":"Impressum"},"content":{"rendered":"\t\t<div data-elementor-type=\"wp-page\" data-elementor-id=\"3836\" class=\"elementor elementor-3836\" data-elementor-post-type=\"page\">\n\t\t\t\t<div data-particle_enable=\"false\" data-particle-mobile-disabled=\"false\" class=\"elementor-element elementor-element-1c4e5b96 e-flex e-con-boxed e-con e-parent\" data-id=\"1c4e5b96\" data-element_type=\"container\" data-e-type=\"container\">\n\t\t\t\t\t<div class=\"e-con-inner\">\n\t\t\t\t<div class=\"elementor-element elementor-element-6ddc953 elementor-widget elementor-widget-heading\" data-id=\"6ddc953\" data-element_type=\"widget\" data-e-type=\"widget\" data-widget_type=\"heading.default\">\n\t\t\t\t\t<h1 class=\"elementor-heading-title elementor-size-default\">Impressum<\/h1>\t\t\t\t<\/div>\n\t\t\t\t<div class=\"elementor-element elementor-element-326c7248 elementor-widget elementor-widget-text-editor\" data-id=\"326c7248\" data-element_type=\"widget\" data-e-type=\"widget\" data-widget_type=\"text-editor.default\">\n\t\t\t\t\t\t\t\t\t<p><strong>Adresse<\/strong><\/p><p>Institut Equestre National Avenches, IENA Gestion et Services S\u00e0rl<br \/>Les Longs Pr\u00e9s 1a<br \/>1580 Avenches<\/p><p><strong>T\u00e9l\u00e9phone<\/strong><\/p><p>+41 26 676 76 76\u00a0<\/p><p><strong>Email<\/strong><\/p><p><a href=\"mailto:info@iena.ch\">info@iena.ch<\/a><\/p><p><strong>Num\u00e9ro TVA<\/strong><\/p><p>CHE-103.530.045 TVA<\/p><p><strong>Num\u00e9ro de Registre de Commerce<\/strong><\/p><p>CH-550.0.171.612-6<\/p>\t\t\t\t\t\t\t\t<\/div>\n\t\t\t\t\t<\/div>\n\t\t\t\t<\/div>\n\t\t\t\t<\/div>\n\t\t","protected":false},"excerpt":{"rendered":"<p>Impressum Adresse Institut Equestre National Avenches, IENA Gestion et Services S\u00e0rlLes Longs Pr\u00e9s 1a1580 Avenches T\u00e9l\u00e9phone +41 26 676 76 76\u00a0 Email info@iena.ch Num\u00e9ro TVA CHE-103.530.045 TVA Num\u00e9ro de Registre de Commerce CH-550.0.171.612-6<\/p>\n","protected":false},"author":1,"featured_media":0,"parent":0,"menu_order":0,"comment_status":"closed","ping_status":"closed","template":"","meta":{"_acf_changed":false,"footnotes":""},"class_list":["post-3836","page","type-page","status-publish","hentry"],"acf":[],"_links":{"self":[{"href":"https:\/\/book.iena.ch\/fr\/wp-json\/wp\/v2\/pages\/3836","targetHints":{"allow":["GET"]}}],"collection":[{"href":"https:\/\/book.iena.ch\/fr\/wp-json\/wp\/v2\/pages"}],"about":[{"href":"https:\/\/book.iena.ch\/fr\/wp-json\/wp\/v2\/types\/page"}],"author":[{"embeddable":true,"href":"https:\/\/book.iena.ch\/fr\/wp-json\/wp\/v2\/users\/1"}],"replies":[{"embeddable":true,"href":"https:\/\/book.iena.ch\/fr\/wp-json\/wp\/v2\/comments?post=3836"}],"version-history":[{"count":10,"href":"https:\/\/book.iena.ch\/fr\/wp-json\/wp\/v2\/pages\/3836\/revisions"}],"predecessor-version":[{"id":3894,"href":"https:\/\/book.iena.ch\/fr\/wp-json\/wp\/v2\/pages\/3836\/revisions\/3894"}],"wp:attachment":[{"href":"https:\/\/book.iena.ch\/fr\/wp-json\/wp\/v2\/media?parent=3836"}],"curies":[{"name":"wp","href":"https:\/\/api.w.org\/{rel}","templated":true}]}}